{"id":145,"date":"2019-02-22T13:29:32","date_gmt":"2019-02-22T11:29:32","guid":{"rendered":"https:\/\/www.leenaaskeli.fi\/?page_id=145"},"modified":"2019-04-07T17:51:32","modified_gmt":"2019-04-07T15:51:32","slug":"esittely","status":"publish","type":"page","link":"https:\/\/www.leenaaskeli.fi\/?page_id=145","title":{"rendered":"Esittely"},"content":{"rendered":"\n<p>Leena Askeli<\/p>\n\n\n\n<p>erityisluokanopettaja, p\u00e4\u00e4luottamusmies<\/p>\n\n\n\n<p>Kempele, Kokkokangas <\/p>\n\n\n\n<p><a href=\"mailto:laskeli@hotmail.com\">laskeli@hotmail.com<\/a><\/p>\n\n\n\n<p>p. 050 321 9199<\/p>\n\n\n\n<p>Slogan: Hyvinvointia hyvill\u00e4 arvoilla!<\/p>\n\n\n\n<p>Olen KD:n Pohjois-Pohjanmaan ja Kainuun piirin ja Oulun paikallisosaston puheenjohtaja. Leip\u00e4ty\u00f6ss\u00e4ni toimin Limingassa erityisluokanopettajana sek\u00e4 p\u00e4\u00e4luottamusmiehen\u00e4 ja ty\u00f6suojeluvaltuutettuna.<\/p>\n\n\n\n<p>Kotikunnassani Kempeleess\u00e4 toimin KD:n kuntavaltuutettuna. Luottamusteht\u00e4vi\u00e4 minulla on palveluvaliokunnassa (vpj.), tarkastuslautakunnassa sek\u00e4 LANUPE (lapset, nuoret ja perheet)- neuvostossa (pj.). <\/p>\n\n\n\n<p>Asun kaksin mieheni kanssa, lapsemme elelev\u00e4t jo omillaan. Politiikka on minulle kest\u00e4v\u00e4\u00e4 ja sisukasta hyvinvointity\u00f6t\u00e4 ihmisten ja luonnon puolesta.<\/p>\n","protected":false},"excerpt":{"rendered":"<p>Leena Askeli erityisluokanopettaja, p\u00e4\u00e4luottamusmies Kempele, Kokkokangas laskeli@hotmail.com p. 050 321 9199 Slogan: Hyvinvointia hyvill\u00e4 arvoilla! Olen KD:n Pohjois-Pohjanmaan ja Kainuun piirin ja Oulun paikallisosaston puheenjohtaja. Leip\u00e4ty\u00f6ss\u00e4ni toimin Limingassa erityisluokanopettajana sek\u00e4 p\u00e4\u00e4luottamusmiehen\u00e4 ja ty\u00f6suojeluvaltuutettuna. Kotikunnassani Kempeleess\u00e4 toimin KD:n kuntavaltuutettuna. Luottamusteht\u00e4vi\u00e4 minulla on palveluvaliokunnassa (vpj.), tarkastuslautakunnassa sek\u00e4 LANUPE (lapset, nuoret ja perheet)- neuvostossa (pj.). Asun kaksin mieheni [&hellip;]<\/p>\n","protected":false},"author":1,"featured_media":0,"parent":0,"menu_order":0,"comment_status":"closed","ping_status":"closed","template":"","meta":{"footnotes":""},"class_list":["post-145","page","type-page","status-publish","hentry"],"_links":{"self":[{"href":"https:\/\/www.leenaaskeli.fi\/index.php?rest_route=\/wp\/v2\/pages\/145","targetHints":{"allow":["GET"]}}],"collection":[{"href":"https:\/\/www.leenaaskeli.fi\/index.php?rest_route=\/wp\/v2\/pages"}],"about":[{"href":"https:\/\/www.leenaaskeli.fi\/index.php?rest_route=\/wp\/v2\/types\/page"}],"author":[{"embeddable":true,"href":"https:\/\/www.leenaaskeli.fi\/index.php?rest_route=\/wp\/v2\/users\/1"}],"replies":[{"embeddable":true,"href":"https:\/\/www.leenaaskeli.fi\/index.php?rest_route=%2Fwp%2Fv2%2Fcomments&post=145"}],"version-history":[{"count":4,"href":"https:\/\/www.leenaaskeli.fi\/index.php?rest_route=\/wp\/v2\/pages\/145\/revisions"}],"predecessor-version":[{"id":163,"href":"https:\/\/www.leenaaskeli.fi\/index.php?rest_route=\/wp\/v2\/pages\/145\/revisions\/163"}],"wp:attachment":[{"href":"https:\/\/www.leenaaskeli.fi\/index.php?rest_route=%2Fwp%2Fv2%2Fmedia&parent=145"}],"curies":[{"name":"wp","href":"https:\/\/api.w.org\/{rel}","templated":true}]}}